{"id":10848,"date":"2025-12-11T08:23:59","date_gmt":"2025-12-11T08:23:59","guid":{"rendered":"https:\/\/prodynamics.pro\/cabanaselcielo\/?page_id=10848"},"modified":"2025-12-11T08:29:46","modified_gmt":"2025-12-11T08:29:46","slug":"preguntas-frecuentes","status":"publish","type":"page","link":"https:\/\/prodynamics.pro\/cabanaselcielo\/preguntas-frecuentes\/","title":{"rendered":"Preguntas Frecuentes"},"content":{"rendered":"<div class=\"wpb-content-wrapper\"><p>[vc_section full_width=&#8221;stretch_row_content&#8221; woodmart_stretch_content=&#8221;section-stretch-content&#8221; css=&#8221;.vc_custom_1764634738600{padding-top: 90px !important;padding-bottom: 60px !important;background-color: #FFF8F1 !important;}&#8221; woodmart_css_id=&#8221;692e30571429e&#8221; responsive_spacing=&#8221;eyJwYXJhbV90eXBlIjoid29vZG1hcnRfcmVzcG9uc2l2ZV9zcGFjaW5nIiwic2VsZWN0b3JfaWQiOiI2OTJlMzA1NzE0MjllIiwic2hvcnRjb2RlIjoidmNfc2VjdGlvbiIsImRhdGEiOnsidGFibGV0Ijp7fSwibW9iaWxlIjp7Im1hcmdpbi1ib3R0b20iOiIwcHgiLCJwYWRkaW5nLWJvdHRvbSI6IjMwcHgifX19&#8243; mobile_bg_img_hidden=&#8221;no&#8221; tablet_bg_img_hidden=&#8221;no&#8221; woodmart_parallax=&#8221;0&#8243; woodmart_gradient_switch=&#8221;no&#8221; woodmart_box_shadow=&#8221;no&#8221; wd_z_index=&#8221;no&#8221; woodmart_disable_overflow=&#8221;0&#8243;][vc_row woodmart_stretch_content=&#8221;section-stretch-content&#8221; css=&#8221;.vc_custom_1764634998335{margin-bottom: 0px !important;}&#8221; woodmart_css_id=&#8221;692e316e07c43&#8243; responsive_spacing=&#8221;eyJwYXJhbV90eXBlIjoid29vZG1hcnRfcmVzcG9uc2l2ZV9zcGFjaW5nIiwic2VsZWN0b3JfaWQiOiI2OTJlMzE2ZTA3YzQzIiwic2hvcnRjb2RlIjoidmNfcm93IiwiZGF0YSI6eyJ0YWJsZXQiOnsibWFyZ2luLWJvdHRvbSI6IjgwcHgifSwibW9iaWxlIjp7Im1hcmdpbi1ib3R0b20iOiIwcHgifX19&#8243; mobile_bg_img_hidden=&#8221;no&#8221; tablet_bg_img_hidden=&#8221;no&#8221; woodmart_parallax=&#8221;0&#8243; woodmart_gradient_switch=&#8221;no&#8221; woodmart_box_shadow=&#8221;no&#8221; wd_z_index=&#8221;no&#8221; woodmart_disable_overflow=&#8221;0&#8243; row_reverse_mobile=&#8221;0&#8243; row_reverse_tablet=&#8221;0&#8243; el_class=&#8221;container&#8221;][vc_column]\t\t<div id=\"wd-693a804c34d05\" class=\"wd-text-block wd-wpb reset-last-child wd-rs-693a804c34d05 text-left \">\n\t\t\t<div class=\"cabanas-description\">\n<h3>\u00bfComo aparto mi caba\u00f1a? \u00bfNecesito hacer un dep\u00f3sito?<\/h3>\n<p>Se reserva con un dep\u00f3sito para apartar la fecha de reservaci\u00f3n.<\/p>\n<h3>\u00bfD\u00f3nde nos encontramos?<\/h3>\n<p>Nos encontramos a solo 10 minutos de San Antonio de las Alazanas, una vez que hagas tu reserva se te compartir\u00e1 las instrucciones de llegada.<\/p>\n<h3>Veo que cada caba\u00f1a tiene un l\u00edmite de personas. \u00bfC\u00f3mo le hago si queremos llevar una persona m\u00e1s?<\/h3>\n<p>La caba\u00f1a tienen un l\u00edmite m\u00e1ximo de hu\u00e9spedes y se cobra un extra por persona adicional por noche, cupo sujeto a disponibilidad.<\/p>\n<h3>\u00bfQue traer a Caba\u00f1as El Cielo?<\/h3>\n<p>Es hora de preparar maletas y todo lo que debes traer a esta nueva y diferente aventura. Recuerda que no somos un hotel, somos una Caba\u00f1a por lo que deber\u00e1s venir preparado con alimentos, bebidas o lo que gustes traer, contamos con cocina equipada: Refrigerador, estufa, microondas, licuadora y utensilios b\u00e1sicos<\/p>\n<h3>\u00bfD\u00f3nde puedo comprar suministros para la caba\u00f1a?<\/h3>\n<p>Hay tiendas en el pueblo, sin embargo, se recomienda preferentemente traer todo lo necesario desde casa.<\/p>\n<h3>\u00bfHora del Check in y check Out?<\/h3>\n<p>La hora de llegada a Caba\u00f1as El Cielo:<\/p>\n<ul>\n<li>Check-in a partir de las 3:00 pm, en ese horario ya puedes llegar a nuestras instalaciones.<\/li>\n<li>Check \u2013 out a la 1:00 pm, es muy importante respetar los horarios por nuevos hu\u00e9spedes, en caso de no tener reservaciones se puede tener accesibilidad en el horario de salida.<\/li>\n<\/ul>\n<h3>\u00bfHay internet?<\/h3>\n<p>Contamos con Wifi\n<\/p><\/div>\n\t\t<\/div>\n\t\t[\/vc_column][\/vc_row][\/vc_section][vc_section woodmart_stretch_content=&#8221;section-stretch&#8221; css=&#8221;.vc_custom_1764281197696{margin-bottom: 0px !important;padding-top: 100px !important;padding-bottom: 70px !important;background-color: #536C5E !important;}&#8221; woodmart_css_id=&#8221;6928cb6a7c980&#8243; responsive_spacing=&#8221;eyJwYXJhbV90eXBlIjoid29vZG1hcnRfcmVzcG9uc2l2ZV9zcGFjaW5nIiwic2VsZWN0b3JfaWQiOiI2OTI4Y2I2YTdjOTgwIiwic2hvcnRjb2RlIjoidmNfc2VjdGlvbiIsImRhdGEiOnsidGFibGV0Ijp7Im1hcmdpbi1ib3R0b20iOiIwcHgiLCJwYWRkaW5nLXRvcCI6IjgwcHgiLCJwYWRkaW5nLWJvdHRvbSI6IjUwcHgifSwibW9iaWxlIjp7Im1hcmdpbi1ib3R0b20iOiIwcHgiLCJwYWRkaW5nLXRvcCI6IjYwcHgiLCJwYWRkaW5nLWJvdHRvbSI6IjMwcHgifX19&#8243; mobile_bg_img_hidden=&#8221;no&#8221; tablet_bg_img_hidden=&#8221;no&#8221; woodmart_parallax=&#8221;0&#8243; woodmart_gradient_switch=&#8221;no&#8221; woodmart_box_shadow=&#8221;no&#8221; wd_z_index=&#8221;no&#8221; woodmart_disable_overflow=&#8221;0&#8243; el_id=&#8221;Galeria&#8221;][vc_row woodmart_css_id=&#8221;69279c037ab13&#8243; responsive_spacing=&#8221;eyJwYXJhbV90eXBlIjoid29vZG1hcnRfcmVzcG9uc2l2ZV9zcGFjaW5nIiwic2VsZWN0b3JfaWQiOiI2OTI3OWMwMzdhYjEzIiwic2hvcnRjb2RlIjoidmNfcm93IiwiZGF0YSI6eyJ0YWJsZXQiOnsibWFyZ2luLWJvdHRvbSI6IjQwcHgifSwibW9iaWxlIjp7Im1hcmdpbi1ib3R0b20iOiIyMHB4In19fQ==&#8221; mobile_bg_img_hidden=&#8221;no&#8221; tablet_bg_img_hidden=&#8221;no&#8221; woodmart_parallax=&#8221;0&#8243; woodmart_gradient_switch=&#8221;no&#8221; woodmart_box_shadow=&#8221;no&#8221; wd_z_index=&#8221;no&#8221; woodmart_disable_overflow=&#8221;0&#8243; row_reverse_mobile=&#8221;0&#8243; row_reverse_tablet=&#8221;0&#8243; css=&#8221;.vc_custom_1764203537758{margin-bottom: 60px !important;}&#8221;][vc_column woodmart_color_scheme=&#8221;light&#8221; woodmart_css_id=&#8221;67cafa9716a80&#8243; parallax_scroll=&#8221;no&#8221; woodmart_sticky_column=&#8221;false&#8221; wd_collapsible_content_switcher=&#8221;no&#8221; wd_column_role_offcanvas_desktop=&#8221;no&#8221; wd_column_role_offcanvas_tablet=&#8221;no&#8221; wd_column_role_offcanvas_mobile=&#8221;no&#8221; wd_column_role_content_desktop=&#8221;no&#8221; wd_column_role_content_tablet=&#8221;no&#8221; wd_column_role_content_mobile=&#8221;no&#8221; mobile_bg_img_hidden=&#8221;no&#8221; tablet_bg_img_hidden=&#8221;no&#8221; woodmart_parallax=&#8221;0&#8243; woodmart_box_shadow=&#8221;no&#8221; responsive_spacing=&#8221;eyJwYXJhbV90eXBlIjoid29vZG1hcnRfcmVzcG9uc2l2ZV9zcGFjaW5nIiwic2VsZWN0b3JfaWQiOiI2N2NhZmE5NzE2YTgwIiwic2hvcnRjb2RlIjoidmNfY29sdW1uIiwiZGF0YSI6eyJ0YWJsZXQiOnt9LCJtb2JpbGUiOnt9fX0=&#8221; mobile_reset_margin=&#8221;no&#8221; tablet_reset_margin=&#8221;no&#8221; wd_z_index=&#8221;no&#8221; css=&#8221;.vc_custom_1741355675443{padding-top: 0px !important;}&#8221;]\t\t<div id=\"wd-6929f3bf5d064\" class=\"wd-text-block wd-wpb reset-last-child wd-rs-6929f3bf5d064 text-left \">\n\t\t\t<div class=\"product-cta-text\">\n<p>M\u00e1s que una estancia, es una experiencia.<br \/>\nLa caba\u00f1a combina comodidad interior con ambiente de monta\u00f1a para vivir d\u00edas relajados, noches frescas y una vista que acompa\u00f1a cada momento.<\/div>\n\t\t<\/div>\n\t\t[\/vc_column][\/vc_row][vc_row][vc_column]\t\t\t<link rel=\"stylesheet\" id=\"xts-style-term-76-css\" href=\"https:\/\/prodynamics.pro\/cabanaselcielo\/wp-content\/uploads\/2025\/12\/xts-term-76-1764713344.css?ver=8.3.5\" type=\"text\/css\" media=\"all\">  \t\t\t<style>\t\t\t\t\t\t\t#slide-10827.woodmart-loaded .wd-slide-bg {\n\t\t\t\t\tbackground-image:url(https:\/\/prodynamics.pro\/cabanaselcielo\/wp-content\/uploads\/2025\/11\/galeria4.jpg);\t\t\t\t}\n\n\t\t\t\t#slide-10827 .wd-slide-bg {\n\t\t\t\t\t\t\t\t\n\t\t\t\t\t\t\t\t\t\t\t\t\t\n\t\t\t\t\t\t\t}\n\n\t\t\t\t#slide-10827 .wd-slide-bg img {\n\t\t\t\t\t\n\t\t\t\t\t\t\t\t\t\t\t\t\t\t\t\t\t\t\t\t}\n\n\t\t\t\n\t\t\t\t\t\t\t\t\t#slide-10827 .wd-slide-inner {\n\t\t\t\t\t\t\t\t\t\t\t}\n\t\t\t\t\n\t\t\t\t@media (max-width: 1024px) {\n\t\t\t\t\n\t\t\t\t\n\t\t\t\t\n\t\t\t\t\n\t\t\t\t\t\t\t\t\t#slide-10827 .wd-slide-inner {\n\t\t\t\t\t\t\t\t\t\t\t}\n\t\t\t\t\n\t\t\t\t\t#slide-10827 .wd-slide-bg {\n\t\t\t\t\t\t\t\t\t\t\t\t\t\t\t\t\n\t\t\t\t\t\t\t\t\t\t\t\t\t\t\t\t\t\t\t\t\t}\n\t\t\t\t}\n\n\t\t\t\t@media (max-width: 767px) {\n\t\t\t\t\n\t\t\t\t\n\t\t\t\t\n\t\t\t\t\n\t\t\t\t\t\t\t\t\t\t#slide-10827 .wd-slide-inner {\n\t\t\t\t\t\t\t\t\t\t\t\t\t}\n\t\t\t\t\t\n\t\t\t\t\t#slide-10827 .wd-slide-bg {\n\t\t\t\t\t\t\t\t\t\t\t\t\t\t\t\t\t\t\n\t\t\t\t\t\t\t\t\t\t\t\t\t\t\t\t\t\t\t\t\t\t\t}\n\t\t\t\t}\n\n\t\t\t\t\n\t\t\t\t\t\t\t\t\t\t\t\t\t\t\t#slide-10828.woodmart-loaded .wd-slide-bg {\n\t\t\t\t\tbackground-image:url(https:\/\/prodynamics.pro\/cabanaselcielo\/wp-content\/uploads\/2025\/11\/galeria3.jpg);\t\t\t\t}\n\n\t\t\t\t#slide-10828 .wd-slide-bg {\n\t\t\t\t\t\t\t\t\n\t\t\t\t\t\t\t\t\t\t\t\t\t\n\t\t\t\t\t\t\t}\n\n\t\t\t\t#slide-10828 .wd-slide-bg img {\n\t\t\t\t\t\n\t\t\t\t\t\t\t\t\t\t\t\t\t\t\t\t\t\t\t\t}\n\n\t\t\t\n\t\t\t\t\t\t\t\t\t#slide-10828 .wd-slide-inner {\n\t\t\t\t\t\t\t\t\t\t\t}\n\t\t\t\t\n\t\t\t\t@media (max-width: 1024px) {\n\t\t\t\t\n\t\t\t\t\n\t\t\t\t\n\t\t\t\t\n\t\t\t\t\t\t\t\t\t#slide-10828 .wd-slide-inner {\n\t\t\t\t\t\t\t\t\t\t\t}\n\t\t\t\t\n\t\t\t\t\t#slide-10828 .wd-slide-bg {\n\t\t\t\t\t\t\t\t\t\t\t\t\t\t\t\t\n\t\t\t\t\t\t\t\t\t\t\t\t\t\t\t\t\t\t\t\t\t}\n\t\t\t\t}\n\n\t\t\t\t@media (max-width: 767px) {\n\t\t\t\t\n\t\t\t\t\n\t\t\t\t\n\t\t\t\t\n\t\t\t\t\t\t\t\t\t\t#slide-10828 .wd-slide-inner {\n\t\t\t\t\t\t\t\t\t\t\t\t\t}\n\t\t\t\t\t\n\t\t\t\t\t#slide-10828 .wd-slide-bg {\n\t\t\t\t\t\t\t\t\t\t\t\t\t\t\t\t\t\t\n\t\t\t\t\t\t\t\t\t\t\t\t\t\t\t\t\t\t\t\t\t\t\t}\n\t\t\t\t}\n\n\t\t\t\t\n\t\t\t\t\t\t\t\t\t\t\t\t\t\t\t#slide-10829.woodmart-loaded .wd-slide-bg {\n\t\t\t\t\tbackground-image:url(https:\/\/prodynamics.pro\/cabanaselcielo\/wp-content\/uploads\/2025\/11\/galeria1.jpg);\t\t\t\t}\n\n\t\t\t\t#slide-10829 .wd-slide-bg {\n\t\t\t\t\t\t\t\t\n\t\t\t\t\t\t\t\t\t\t\t\t\t\n\t\t\t\t\t\t\t}\n\n\t\t\t\t#slide-10829 .wd-slide-bg img {\n\t\t\t\t\t\n\t\t\t\t\t\t\t\t\t\t\t\t\t\t\t\t\t\t\t\t}\n\n\t\t\t\n\t\t\t\t\t\t\t\t\t#slide-10829 .wd-slide-inner {\n\t\t\t\t\t\t\t\t\t\t\t}\n\t\t\t\t\n\t\t\t\t@media (max-width: 1024px) {\n\t\t\t\t\n\t\t\t\t\n\t\t\t\t\n\t\t\t\t\n\t\t\t\t\t\t\t\t\t#slide-10829 .wd-slide-inner {\n\t\t\t\t\t\t\t\t\t\t\t}\n\t\t\t\t\n\t\t\t\t\t#slide-10829 .wd-slide-bg {\n\t\t\t\t\t\t\t\t\t\t\t\t\t\t\t\t\n\t\t\t\t\t\t\t\t\t\t\t\t\t\t\t\t\t\t\t\t\t}\n\t\t\t\t}\n\n\t\t\t\t@media (max-width: 767px) {\n\t\t\t\t\n\t\t\t\t\n\t\t\t\t\n\t\t\t\t\n\t\t\t\t\t\t\t\t\t\t#slide-10829 .wd-slide-inner {\n\t\t\t\t\t\t\t\t\t\t\t\t\t}\n\t\t\t\t\t\n\t\t\t\t\t#slide-10829 .wd-slide-bg {\n\t\t\t\t\t\t\t\t\t\t\t\t\t\t\t\t\t\t\n\t\t\t\t\t\t\t\t\t\t\t\t\t\t\t\t\t\t\t\t\t\t\t}\n\t\t\t\t}\n\n\t\t\t\t\n\t\t\t\t\t\t\t\t<\/style>\n\t\t<div id=\"slider-76\" data-id=\"76\" class=\"wd-slider wd-carousel-container wd-anim- wd-section-container\">\n\t\t\t<div class=\"wd-carousel-inner\">\n\t\t\t\t<div class=\"wd-carousel wd-grid\" data-wrap=\"yes\" data-autoheight=\"yes\" data-scroll_per_page=\"yes\" data-sliding_speed=\"700\" style=\"--wd-col-lg:1;--wd-col-md:1;--wd-col-sm:1;\">\n\t\t\t\t\t<div class=\"wd-carousel-wrap \">\n\t\t\t\t\t\t\t\t\t\t\t\t\t\t\t\t\t\t\t\t<div id=\"slide-10827\" class=\"wd-slide wd-carousel-item woodmart-loaded\" >\n\t\t\t\t\t\t\t\t\t\t\t\t\t\t\t\t<div class=\"container wd-slide-container content-fixed\">\n\t\t\t\t\t\t\t\t\t<div class=\"wd-slide-inner \">\n\t\t\t\t\t\t\t\t\t\t\t\t\t\t\t\t\t\t\t\t\t\t\t\t\t\t\t\t\t\t\t\t\t\t\t\t\t\t\t\t<\/div>\n\t\t\t\t\t\t\t\t<\/div>\n\n\t\t\t\t\t\t\t\t<div class=\"wd-slide-bg wd-fill\">\n\t\t\t\t\t\t\t\t\t\t\t\t\t\t\t\t\t\t\t<img loading=\"lazy\" decoding=\"async\" width=\"2000\" height=\"1333\" src=\"https:\/\/prodynamics.pro\/cabanaselcielo\/wp-content\/uploads\/2025\/11\/galeria4.jpg\" class=\"attachment-full size-full\" alt=\"\" srcset=\"https:\/\/prodynamics.pro\/cabanaselcielo\/wp-content\/uploads\/2025\/11\/galeria4.jpg 2000w, https:\/\/prodynamics.pro\/cabanaselcielo\/wp-content\/uploads\/2025\/11\/galeria4-400x267.jpg 400w, https:\/\/prodynamics.pro\/cabanaselcielo\/wp-content\/uploads\/2025\/11\/galeria4-1200x800.jpg 1200w, https:\/\/prodynamics.pro\/cabanaselcielo\/wp-content\/uploads\/2025\/11\/galeria4-768x512.jpg 768w, https:\/\/prodynamics.pro\/cabanaselcielo\/wp-content\/uploads\/2025\/11\/galeria4-1536x1024.jpg 1536w, https:\/\/prodynamics.pro\/cabanaselcielo\/wp-content\/uploads\/2025\/11\/galeria4-430x287.jpg 430w, https:\/\/prodynamics.pro\/cabanaselcielo\/wp-content\/uploads\/2025\/11\/galeria4-700x467.jpg 700w, https:\/\/prodynamics.pro\/cabanaselcielo\/wp-content\/uploads\/2025\/11\/galeria4-150x100.jpg 150w\" sizes=\"auto, (max-width: 2000px) 100vw, 2000px\" \/>\t\t\t\t\t\t\t\t\t\t\t\t\t\t\t\t\t<\/div>\n\n\t\t\t\t\t\t\t\t\t\t\t\t\t\t\t<\/div>\n\n\t\t\t\t\t\t\t\t\t\t\t\t\t\t\t\t\t\t\t\t\t\t\t\t\t\t\t\t\t\t\t\t\t\t\t\t\t\t\t\t\t\t<div id=\"slide-10828\" class=\"wd-slide wd-carousel-item\" >\n\t\t\t\t\t\t\t\t\t\t\t\t\t\t\t\t<div class=\"container wd-slide-container content-fixed\">\n\t\t\t\t\t\t\t\t\t<div class=\"wd-slide-inner \">\n\t\t\t\t\t\t\t\t\t\t\t\t\t\t\t\t\t\t\t\t\t\t\t\t\t\t\t\t\t\t\t\t\t\t\t\t\t\t\t\t<\/div>\n\t\t\t\t\t\t\t\t<\/div>\n\n\t\t\t\t\t\t\t\t<div class=\"wd-slide-bg wd-fill\">\n\t\t\t\t\t\t\t\t\t\t\t\t\t\t\t\t\t<\/div>\n\n\t\t\t\t\t\t\t\t\t\t\t\t\t\t\t<\/div>\n\n\t\t\t\t\t\t\t\t\t\t\t\t\t\t\t\t\t\t\t\t\t\t\t\t\t\t\t<div id=\"slide-10829\" class=\"wd-slide wd-carousel-item\" >\n\t\t\t\t\t\t\t\t\t\t\t\t\t\t\t\t<div class=\"container wd-slide-container content-fixed\">\n\t\t\t\t\t\t\t\t\t<div class=\"wd-slide-inner \">\n\t\t\t\t\t\t\t\t\t\t\t\t\t\t\t\t\t\t\t\t\t\t\t\t\t\t\t\t\t\t\t\t\t\t\t\t\t\t\t\t<\/div>\n\t\t\t\t\t\t\t\t<\/div>\n\n\t\t\t\t\t\t\t\t<div class=\"wd-slide-bg wd-fill\">\n\t\t\t\t\t\t\t\t\t\t\t\t\t\t\t\t\t<\/div>\n\n\t\t\t\t\t\t\t\t\t\t\t\t\t\t\t<\/div>\n\n\t\t\t\t\t\t\t\t\t\t\t\t\t\t\t\t\t\t<\/div>\n\t\t\t\t<\/div>\n\n\t\t\t\t\t\t\t\t\t\t\t\t\t\t<div class=\"wd-nav-arrows wd-slider-arrows wd-custom-style wd-style-1 wd-pos-sep wd-hover-1 color-scheme-dark\">\n\t\t\t\t\t\t<div class=\"wd-btn-arrow wd-prev\">\n\t\t\t\t\t\t\t<div class=\"wd-arrow-inner\"><\/div>\n\t\t\t\t\t\t<\/div>\n\t\t\t\t\t\t<div class=\"wd-btn-arrow wd-next\">\n\t\t\t\t\t\t\t<div class=\"wd-arrow-inner\"><\/div>\n\t\t\t\t\t\t<\/div>\n\t\t\t\t\t<\/div>\n\t\t\t\t\t\t\t<\/div>\n\n\t\t\t\t\t\t\t\t\t\t\t<div class=\"wd-nav-pagin-wrap wd-slider-pagin wd-custom-style wd-style-shape-1 text-center color-scheme-light\">\n\t\t\t\t\t<ul class=\"wd-nav-pagin\"><\/ul>\n\t\t\t\t<\/div>\n\t\t\t\t\t<\/div>\n\t\t[\/vc_column][\/vc_row][\/vc_section]<\/p>\n<\/div>","protected":false},"excerpt":{"rendered":"<p>[vc_section full_width=&#8221;stretch_row_content&#8221; woodmart_stretch_content=&#8221;section-stretch-content&#8221; css=&#8221;.vc_custom_1764634738600{padding-top: 90px !important;padding-bottom: 60px !important;background-color: #FFF8F1 !important;}&#8221; woodmart_css_id=&#8221;692e30571429e&#8221; responsive_spacing=&#8221;eyJwYXJhbV90eXBlIjoid29vZG1hcnRfcmVzcG9uc2l2ZV9zcGFjaW5nIiwic2VsZWN0b3JfaWQiOiI2OTJlMzA1NzE0MjllIiwic2hvcnRjb2RlIjoidmNfc2VjdGlvbiIsImRhdGEiOnsidGFibGV0Ijp7fSwibW9iaWxlIjp7Im1hcmdpbi1ib3R0b20iOiIwcHgiLCJwYWRkaW5nLWJvdHRvbSI6IjMwcHgifX19&#8243; mobile_bg_img_hidden=&#8221;no&#8221; tablet_bg_img_hidden=&#8221;no&#8221; woodmart_parallax=&#8221;0&#8243; woodmart_gradient_switch=&#8221;no&#8221; woodmart_box_shadow=&#8221;no&#8221; wd_z_index=&#8221;no&#8221; woodmart_disable_overflow=&#8221;0&#8243;][vc_row woodmart_stretch_content=&#8221;section-stretch-content&#8221;<\/p>\n","protected":false},"author":1,"featured_media":0,"parent":0,"menu_order":0,"comment_status":"closed","ping_status":"closed","template":"","meta":{"footnotes":""},"class_list":["post-10848","page","type-page","status-publish","hentry"],"yoast_head":"<!-- This site is optimized with the Yoast SEO plugin v27.4 - https:\/\/yoast.com\/product\/yoast-seo-wordpress\/ -->\n<title>Preguntas Frecuentes - Cabanas el Cielo<\/title>\n<meta name=\"robots\" content=\"index, follow, max-snippet:-1, max-image-preview:large, max-video-preview:-1\" \/>\n<link rel=\"canonical\" href=\"https:\/\/prodynamics.pro\/cabanaselcielo\/preguntas-frecuentes\/\" \/>\n<meta property=\"og:locale\" content=\"en_US\" \/>\n<meta property=\"og:type\" content=\"article\" \/>\n<meta property=\"og:title\" content=\"Preguntas Frecuentes - Cabanas el Cielo\" \/>\n<meta property=\"og:description\" content=\"[vc_section full_width=&#8221;stretch_row_content&#8221; woodmart_stretch_content=&#8221;section-stretch-content&#8221; css=&#8221;.vc_custom_1764634738600{padding-top: 90px !important;padding-bottom: 60px !important;background-color: #FFF8F1 !important;}&#8221; woodmart_css_id=&#8221;692e30571429e&#8221; responsive_spacing=&#8221;eyJwYXJhbV90eXBlIjoid29vZG1hcnRfcmVzcG9uc2l2ZV9zcGFjaW5nIiwic2VsZWN0b3JfaWQiOiI2OTJlMzA1NzE0MjllIiwic2hvcnRjb2RlIjoidmNfc2VjdGlvbiIsImRhdGEiOnsidGFibGV0Ijp7fSwibW9iaWxlIjp7Im1hcmdpbi1ib3R0b20iOiIwcHgiLCJwYWRkaW5nLWJvdHRvbSI6IjMwcHgifX19&#8243; mobile_bg_img_hidden=&#8221;no&#8221; tablet_bg_img_hidden=&#8221;no&#8221; woodmart_parallax=&#8221;0&#8243; woodmart_gradient_switch=&#8221;no&#8221; woodmart_box_shadow=&#8221;no&#8221; wd_z_index=&#8221;no&#8221; woodmart_disable_overflow=&#8221;0&#8243;][vc_row woodmart_stretch_content=&#8221;section-stretch-content&#8221;\" \/>\n<meta property=\"og:url\" content=\"https:\/\/prodynamics.pro\/cabanaselcielo\/preguntas-frecuentes\/\" \/>\n<meta property=\"og:site_name\" content=\"Cabanas el Cielo\" \/>\n<meta property=\"article:publisher\" content=\"https:\/\/www.facebook.com\/profile.php?id=61581651241187\" \/>\n<meta property=\"article:modified_time\" content=\"2025-12-11T08:29:46+00:00\" \/>\n<meta name=\"twitter:card\" content=\"summary_large_image\" \/>\n<meta name=\"twitter:label1\" content=\"Est. reading time\" \/>\n\t<meta name=\"twitter:data1\" content=\"5 minutes\" \/>\n<script type=\"application\/ld+json\" class=\"yoast-schema-graph\">{\"@context\":\"https:\\\/\\\/schema.org\",\"@graph\":[{\"@type\":\"WebPage\",\"@id\":\"https:\\\/\\\/prodynamics.pro\\\/cabanaselcielo\\\/preguntas-frecuentes\\\/\",\"url\":\"https:\\\/\\\/prodynamics.pro\\\/cabanaselcielo\\\/preguntas-frecuentes\\\/\",\"name\":\"Preguntas Frecuentes - Cabanas el Cielo\",\"isPartOf\":{\"@id\":\"https:\\\/\\\/prodynamics.pro\\\/cabanaselcielo\\\/#website\"},\"datePublished\":\"2025-12-11T08:23:59+00:00\",\"dateModified\":\"2025-12-11T08:29:46+00:00\",\"breadcrumb\":{\"@id\":\"https:\\\/\\\/prodynamics.pro\\\/cabanaselcielo\\\/preguntas-frecuentes\\\/#breadcrumb\"},\"inLanguage\":\"en-US\",\"potentialAction\":[{\"@type\":\"ReadAction\",\"target\":[\"https:\\\/\\\/prodynamics.pro\\\/cabanaselcielo\\\/preguntas-frecuentes\\\/\"]}]},{\"@type\":\"BreadcrumbList\",\"@id\":\"https:\\\/\\\/prodynamics.pro\\\/cabanaselcielo\\\/preguntas-frecuentes\\\/#breadcrumb\",\"itemListElement\":[{\"@type\":\"ListItem\",\"position\":1,\"name\":\"Home\",\"item\":\"https:\\\/\\\/prodynamics.pro\\\/cabanaselcielo\\\/\"},{\"@type\":\"ListItem\",\"position\":2,\"name\":\"Preguntas Frecuentes\"}]},{\"@type\":\"WebSite\",\"@id\":\"https:\\\/\\\/prodynamics.pro\\\/cabanaselcielo\\\/#website\",\"url\":\"https:\\\/\\\/prodynamics.pro\\\/cabanaselcielo\\\/\",\"name\":\"Cabanas el Cielo\",\"description\":\"Crea momentos \u00fanicos\",\"publisher\":{\"@id\":\"https:\\\/\\\/prodynamics.pro\\\/cabanaselcielo\\\/#organization\"},\"potentialAction\":[{\"@type\":\"SearchAction\",\"target\":{\"@type\":\"EntryPoint\",\"urlTemplate\":\"https:\\\/\\\/prodynamics.pro\\\/cabanaselcielo\\\/?s={search_term_string}\"},\"query-input\":{\"@type\":\"PropertyValueSpecification\",\"valueRequired\":true,\"valueName\":\"search_term_string\"}}],\"inLanguage\":\"en-US\"},{\"@type\":\"Organization\",\"@id\":\"https:\\\/\\\/prodynamics.pro\\\/cabanaselcielo\\\/#organization\",\"name\":\"Cabanas el Cielo\",\"url\":\"https:\\\/\\\/prodynamics.pro\\\/cabanaselcielo\\\/\",\"logo\":{\"@type\":\"ImageObject\",\"inLanguage\":\"en-US\",\"@id\":\"https:\\\/\\\/prodynamics.pro\\\/cabanaselcielo\\\/#\\\/schema\\\/logo\\\/image\\\/\",\"url\":\"https:\\\/\\\/prodynamics.pro\\\/cabanaselcielo\\\/wp-content\\\/uploads\\\/2025\\\/11\\\/footer-logo.png\",\"contentUrl\":\"https:\\\/\\\/prodynamics.pro\\\/cabanaselcielo\\\/wp-content\\\/uploads\\\/2025\\\/11\\\/footer-logo.png\",\"width\":526,\"height\":309,\"caption\":\"Cabanas el Cielo\"},\"image\":{\"@id\":\"https:\\\/\\\/prodynamics.pro\\\/cabanaselcielo\\\/#\\\/schema\\\/logo\\\/image\\\/\"},\"sameAs\":[\"https:\\\/\\\/www.facebook.com\\\/profile.php?id=61581651241187\",\"https:\\\/\\\/www.instagram.com\\\/cabanaselcielomx\"]}]}<\/script>\n<!-- \/ Yoast SEO plugin. -->","yoast_head_json":{"title":"Preguntas Frecuentes - Cabanas el Cielo","robots":{"index":"index","follow":"follow","max-snippet":"max-snippet:-1","max-image-preview":"max-image-preview:large","max-video-preview":"max-video-preview:-1"},"canonical":"https:\/\/prodynamics.pro\/cabanaselcielo\/preguntas-frecuentes\/","og_locale":"en_US","og_type":"article","og_title":"Preguntas Frecuentes - Cabanas el Cielo","og_description":"[vc_section full_width=&#8221;stretch_row_content&#8221; woodmart_stretch_content=&#8221;section-stretch-content&#8221; css=&#8221;.vc_custom_1764634738600{padding-top: 90px !important;padding-bottom: 60px !important;background-color: #FFF8F1 !important;}&#8221; woodmart_css_id=&#8221;692e30571429e&#8221; responsive_spacing=&#8221;eyJwYXJhbV90eXBlIjoid29vZG1hcnRfcmVzcG9uc2l2ZV9zcGFjaW5nIiwic2VsZWN0b3JfaWQiOiI2OTJlMzA1NzE0MjllIiwic2hvcnRjb2RlIjoidmNfc2VjdGlvbiIsImRhdGEiOnsidGFibGV0Ijp7fSwibW9iaWxlIjp7Im1hcmdpbi1ib3R0b20iOiIwcHgiLCJwYWRkaW5nLWJvdHRvbSI6IjMwcHgifX19&#8243; mobile_bg_img_hidden=&#8221;no&#8221; tablet_bg_img_hidden=&#8221;no&#8221; woodmart_parallax=&#8221;0&#8243; woodmart_gradient_switch=&#8221;no&#8221; woodmart_box_shadow=&#8221;no&#8221; wd_z_index=&#8221;no&#8221; woodmart_disable_overflow=&#8221;0&#8243;][vc_row woodmart_stretch_content=&#8221;section-stretch-content&#8221;","og_url":"https:\/\/prodynamics.pro\/cabanaselcielo\/preguntas-frecuentes\/","og_site_name":"Cabanas el Cielo","article_publisher":"https:\/\/www.facebook.com\/profile.php?id=61581651241187","article_modified_time":"2025-12-11T08:29:46+00:00","twitter_card":"summary_large_image","twitter_misc":{"Est. reading time":"5 minutes"},"schema":{"@context":"https:\/\/schema.org","@graph":[{"@type":"WebPage","@id":"https:\/\/prodynamics.pro\/cabanaselcielo\/preguntas-frecuentes\/","url":"https:\/\/prodynamics.pro\/cabanaselcielo\/preguntas-frecuentes\/","name":"Preguntas Frecuentes - Cabanas el Cielo","isPartOf":{"@id":"https:\/\/prodynamics.pro\/cabanaselcielo\/#website"},"datePublished":"2025-12-11T08:23:59+00:00","dateModified":"2025-12-11T08:29:46+00:00","breadcrumb":{"@id":"https:\/\/prodynamics.pro\/cabanaselcielo\/preguntas-frecuentes\/#breadcrumb"},"inLanguage":"en-US","potentialAction":[{"@type":"ReadAction","target":["https:\/\/prodynamics.pro\/cabanaselcielo\/preguntas-frecuentes\/"]}]},{"@type":"BreadcrumbList","@id":"https:\/\/prodynamics.pro\/cabanaselcielo\/preguntas-frecuentes\/#breadcrumb","itemListElement":[{"@type":"ListItem","position":1,"name":"Home","item":"https:\/\/prodynamics.pro\/cabanaselcielo\/"},{"@type":"ListItem","position":2,"name":"Preguntas Frecuentes"}]},{"@type":"WebSite","@id":"https:\/\/prodynamics.pro\/cabanaselcielo\/#website","url":"https:\/\/prodynamics.pro\/cabanaselcielo\/","name":"Cabanas el Cielo","description":"Crea momentos \u00fanicos","publisher":{"@id":"https:\/\/prodynamics.pro\/cabanaselcielo\/#organization"},"potentialAction":[{"@type":"SearchAction","target":{"@type":"EntryPoint","urlTemplate":"https:\/\/prodynamics.pro\/cabanaselcielo\/?s={search_term_string}"},"query-input":{"@type":"PropertyValueSpecification","valueRequired":true,"valueName":"search_term_string"}}],"inLanguage":"en-US"},{"@type":"Organization","@id":"https:\/\/prodynamics.pro\/cabanaselcielo\/#organization","name":"Cabanas el Cielo","url":"https:\/\/prodynamics.pro\/cabanaselcielo\/","logo":{"@type":"ImageObject","inLanguage":"en-US","@id":"https:\/\/prodynamics.pro\/cabanaselcielo\/#\/schema\/logo\/image\/","url":"https:\/\/prodynamics.pro\/cabanaselcielo\/wp-content\/uploads\/2025\/11\/footer-logo.png","contentUrl":"https:\/\/prodynamics.pro\/cabanaselcielo\/wp-content\/uploads\/2025\/11\/footer-logo.png","width":526,"height":309,"caption":"Cabanas el Cielo"},"image":{"@id":"https:\/\/prodynamics.pro\/cabanaselcielo\/#\/schema\/logo\/image\/"},"sameAs":["https:\/\/www.facebook.com\/profile.php?id=61581651241187","https:\/\/www.instagram.com\/cabanaselcielomx"]}]}},"_hostinger_reach_plugin_has_subscription_block":false,"_hostinger_reach_plugin_is_elementor":false,"_links":{"self":[{"href":"https:\/\/prodynamics.pro\/cabanaselcielo\/wp-json\/wp\/v2\/pages\/10848","targetHints":{"allow":["GET"]}}],"collection":[{"href":"https:\/\/prodynamics.pro\/cabanaselcielo\/wp-json\/wp\/v2\/pages"}],"about":[{"href":"https:\/\/prodynamics.pro\/cabanaselcielo\/wp-json\/wp\/v2\/types\/page"}],"author":[{"embeddable":true,"href":"https:\/\/prodynamics.pro\/cabanaselcielo\/wp-json\/wp\/v2\/users\/1"}],"replies":[{"embeddable":true,"href":"https:\/\/prodynamics.pro\/cabanaselcielo\/wp-json\/wp\/v2\/comments?post=10848"}],"version-history":[{"count":5,"href":"https:\/\/prodynamics.pro\/cabanaselcielo\/wp-json\/wp\/v2\/pages\/10848\/revisions"}],"predecessor-version":[{"id":10853,"href":"https:\/\/prodynamics.pro\/cabanaselcielo\/wp-json\/wp\/v2\/pages\/10848\/revisions\/10853"}],"wp:attachment":[{"href":"https:\/\/prodynamics.pro\/cabanaselcielo\/wp-json\/wp\/v2\/media?parent=10848"}],"curies":[{"name":"wp","href":"https:\/\/api.w.org\/{rel}","templated":true}]}}